 {"id":1644,"date":"2025-05-16T13:09:07","date_gmt":"2025-05-16T11:09:07","guid":{"rendered":"https:\/\/solintal.es\/home\/"},"modified":"2026-03-02T10:29:18","modified_gmt":"2026-03-02T09:29:18","slug":"home","status":"publish","type":"page","link":"https:\/\/solintal.es\/en\/","title":{"rendered":"Home"},"content":{"rendered":"","protected":false},"excerpt":{"rendered":"","protected":false},"author":2,"featured_media":0,"parent":0,"menu_order":9,"comment_status":"closed","ping_status":"closed","template":"","meta":{"_acf_changed":false,"footnotes":""},"class_list":["post-1644","page","type-page","status-publish","hentry"],"acf":[],"yoast_head":"<!-- This site is optimized with the Yoast SEO plugin v27.1.1 - https:\/\/yoast.com\/product\/yoast-seo-wordpress\/ -->\n<title>Dise\u00f1o y fabricaci\u00f3n de maquinaria para la industria | Solintal<\/title>\n<meta name=\"description\" content=\"Soluciones metal\u00fargicas para miner\u00eda, energ\u00eda y defensa. Expertos en calderer\u00eda pesada y soldadura de grandes espesores desde hace 60 a\u00f1os.\" \/>\n<meta name=\"robots\" content=\"index, follow, max-snippet:-1, max-image-preview:large, max-video-preview:-1\" \/>\n<link rel=\"canonical\" href=\"https:\/\/solintal.es\/en\/\" \/>\n<meta property=\"og:locale\" content=\"en_US\" \/>\n<meta property=\"og:type\" content=\"article\" \/>\n<meta property=\"og:title\" content=\"Dise\u00f1o y fabricaci\u00f3n de maquinaria para la industria | Solintal\" \/>\n<meta property=\"og:description\" content=\"Soluciones metal\u00fargicas para miner\u00eda, energ\u00eda y defensa. Expertos en calderer\u00eda pesada y soldadura de grandes espesores desde hace 60 a\u00f1os.\" \/>\n<meta property=\"og:url\" content=\"https:\/\/solintal.es\/en\/\" \/>\n<meta property=\"og:site_name\" content=\"Solintal\" \/>\n<meta property=\"article:modified_time\" content=\"2026-03-02T09:29:18+00:00\" \/>\n<meta name=\"twitter:card\" content=\"summary_large_image\" \/>\n<script type=\"application\/ld+json\" class=\"yoast-schema-graph\">{\"@context\":\"https:\/\/schema.org\",\"@graph\":[{\"@type\":\"WebPage\",\"@id\":\"https:\/\/solintal.es\/en\/\",\"url\":\"https:\/\/solintal.es\/en\/\",\"name\":\"Dise\u00f1o y fabricaci\u00f3n de maquinaria para la industria | Solintal\",\"isPartOf\":{\"@id\":\"https:\/\/solintal.es\/en\/#website\"},\"datePublished\":\"2025-05-16T11:09:07+00:00\",\"dateModified\":\"2026-03-02T09:29:18+00:00\",\"description\":\"Soluciones metal\u00fargicas para miner\u00eda, energ\u00eda y defensa. Expertos en calderer\u00eda pesada y soldadura de grandes espesores desde hace 60 a\u00f1os.\",\"breadcrumb\":{\"@id\":\"https:\/\/solintal.es\/en\/#breadcrumb\"},\"inLanguage\":\"en-US\",\"potentialAction\":[{\"@type\":\"ReadAction\",\"target\":[\"https:\/\/solintal.es\/en\/\"]}]},{\"@type\":\"BreadcrumbList\",\"@id\":\"https:\/\/solintal.es\/en\/#breadcrumb\",\"itemListElement\":[{\"@type\":\"ListItem\",\"position\":1,\"name\":\"Portada\",\"item\":\"https:\/\/solintal.es\/en\/\"},{\"@type\":\"ListItem\",\"position\":2,\"name\":\"Home\"}]},{\"@type\":\"WebSite\",\"@id\":\"https:\/\/solintal.es\/en\/#website\",\"url\":\"https:\/\/solintal.es\/en\/\",\"name\":\"Solintal\",\"description\":\"\",\"publisher\":{\"@id\":\"https:\/\/solintal.es\/en\/#organization\"},\"potentialAction\":[{\"@type\":\"SearchAction\",\"target\":{\"@type\":\"EntryPoint\",\"urlTemplate\":\"https:\/\/solintal.es\/en\/?s={search_term_string}\"},\"query-input\":{\"@type\":\"PropertyValueSpecification\",\"valueRequired\":true,\"valueName\":\"search_term_string\"}}],\"inLanguage\":\"en-US\"},{\"@type\":\"Organization\",\"@id\":\"https:\/\/solintal.es\/en\/#organization\",\"name\":\"Solintal LRD\",\"url\":\"https:\/\/solintal.es\/en\/\",\"logo\":{\"@type\":\"ImageObject\",\"inLanguage\":\"en-US\",\"@id\":\"https:\/\/solintal.es\/en\/#\/schema\/logo\/image\/\",\"url\":\"https:\/\/solintal.es\/wp-content\/uploads\/2025\/09\/Foto-RRSS-copia.png\",\"contentUrl\":\"https:\/\/solintal.es\/wp-content\/uploads\/2025\/09\/Foto-RRSS-copia.png\",\"width\":957,\"height\":829,\"caption\":\"Solintal LRD\"},\"image\":{\"@id\":\"https:\/\/solintal.es\/en\/#\/schema\/logo\/image\/\"},\"sameAs\":[\"https:\/\/www.facebook.com\/solintallrd\/\",\"https:\/\/www.youtube.com\/@solintallrd\",\"https:\/\/www.instagram.com\/solintallrd\/\",\"https:\/\/www.linkedin.com\/company\/solintal-lrd\"]}]}<\/script>\n<!-- \/ Yoast SEO plugin. -->","yoast_head_json":{"title":"Dise\u00f1o y fabricaci\u00f3n de maquinaria para la industria | Solintal","description":"Soluciones metal\u00fargicas para miner\u00eda, energ\u00eda y defensa. Expertos en calderer\u00eda pesada y soldadura de grandes espesores desde hace 60 a\u00f1os.","robots":{"index":"index","follow":"follow","max-snippet":"max-snippet:-1","max-image-preview":"max-image-preview:large","max-video-preview":"max-video-preview:-1"},"canonical":"https:\/\/solintal.es\/en\/","og_locale":"en_US","og_type":"article","og_title":"Dise\u00f1o y fabricaci\u00f3n de maquinaria para la industria | Solintal","og_description":"Soluciones metal\u00fargicas para miner\u00eda, energ\u00eda y defensa. Expertos en calderer\u00eda pesada y soldadura de grandes espesores desde hace 60 a\u00f1os.","og_url":"https:\/\/solintal.es\/en\/","og_site_name":"Solintal","article_modified_time":"2026-03-02T09:29:18+00:00","twitter_card":"summary_large_image","schema":{"@context":"https:\/\/schema.org","@graph":[{"@type":"WebPage","@id":"https:\/\/solintal.es\/en\/","url":"https:\/\/solintal.es\/en\/","name":"Dise\u00f1o y fabricaci\u00f3n de maquinaria para la industria | Solintal","isPartOf":{"@id":"https:\/\/solintal.es\/en\/#website"},"datePublished":"2025-05-16T11:09:07+00:00","dateModified":"2026-03-02T09:29:18+00:00","description":"Soluciones metal\u00fargicas para miner\u00eda, energ\u00eda y defensa. Expertos en calderer\u00eda pesada y soldadura de grandes espesores desde hace 60 a\u00f1os.","breadcrumb":{"@id":"https:\/\/solintal.es\/en\/#breadcrumb"},"inLanguage":"en-US","potentialAction":[{"@type":"ReadAction","target":["https:\/\/solintal.es\/en\/"]}]},{"@type":"BreadcrumbList","@id":"https:\/\/solintal.es\/en\/#breadcrumb","itemListElement":[{"@type":"ListItem","position":1,"name":"Portada","item":"https:\/\/solintal.es\/en\/"},{"@type":"ListItem","position":2,"name":"Home"}]},{"@type":"WebSite","@id":"https:\/\/solintal.es\/en\/#website","url":"https:\/\/solintal.es\/en\/","name":"Solintal","description":"","publisher":{"@id":"https:\/\/solintal.es\/en\/#organization"},"potentialAction":[{"@type":"SearchAction","target":{"@type":"EntryPoint","urlTemplate":"https:\/\/solintal.es\/en\/?s={search_term_string}"},"query-input":{"@type":"PropertyValueSpecification","valueRequired":true,"valueName":"search_term_string"}}],"inLanguage":"en-US"},{"@type":"Organization","@id":"https:\/\/solintal.es\/en\/#organization","name":"Solintal LRD","url":"https:\/\/solintal.es\/en\/","logo":{"@type":"ImageObject","inLanguage":"en-US","@id":"https:\/\/solintal.es\/en\/#\/schema\/logo\/image\/","url":"https:\/\/solintal.es\/wp-content\/uploads\/2025\/09\/Foto-RRSS-copia.png","contentUrl":"https:\/\/solintal.es\/wp-content\/uploads\/2025\/09\/Foto-RRSS-copia.png","width":957,"height":829,"caption":"Solintal LRD"},"image":{"@id":"https:\/\/solintal.es\/en\/#\/schema\/logo\/image\/"},"sameAs":["https:\/\/www.facebook.com\/solintallrd\/","https:\/\/www.youtube.com\/@solintallrd","https:\/\/www.instagram.com\/solintallrd\/","https:\/\/www.linkedin.com\/company\/solintal-lrd"]}]}},"_links":{"self":[{"href":"https:\/\/solintal.es\/en\/wp-json\/wp\/v2\/pages\/1644","targetHints":{"allow":["GET"]}}],"collection":[{"href":"https:\/\/solintal.es\/en\/wp-json\/wp\/v2\/pages"}],"about":[{"href":"https:\/\/solintal.es\/en\/wp-json\/wp\/v2\/types\/page"}],"author":[{"embeddable":true,"href":"https:\/\/solintal.es\/en\/wp-json\/wp\/v2\/users\/2"}],"replies":[{"embeddable":true,"href":"https:\/\/solintal.es\/en\/wp-json\/wp\/v2\/comments?post=1644"}],"version-history":[{"count":12,"href":"https:\/\/solintal.es\/en\/wp-json\/wp\/v2\/pages\/1644\/revisions"}],"predecessor-version":[{"id":2096,"href":"https:\/\/solintal.es\/en\/wp-json\/wp\/v2\/pages\/1644\/revisions\/2096"}],"wp:attachment":[{"href":"https:\/\/solintal.es\/en\/wp-json\/wp\/v2\/media?parent=1644"}],"curies":[{"name":"wp","href":"https:\/\/api.w.org\/{rel}","templated":true}]}}