 {"id":1654,"date":"2025-05-16T13:10:14","date_gmt":"2025-05-16T11:10:14","guid":{"rendered":"https:\/\/solintal.es\/?page_id=1654"},"modified":"2026-02-24T14:10:00","modified_gmt":"2026-02-24T13:10:00","slug":"empleo","status":"publish","type":"page","link":"https:\/\/solintal.es\/en\/empleo\/","title":{"rendered":"Careers"},"content":{"rendered":"","protected":false},"excerpt":{"rendered":"","protected":false},"author":2,"featured_media":0,"parent":0,"menu_order":14,"comment_status":"closed","ping_status":"closed","template":"","meta":{"_acf_changed":false,"footnotes":""},"class_list":["post-1654","page","type-page","status-publish","hentry"],"acf":[],"yoast_head":"<!-- This site is optimized with the Yoast SEO plugin v27.1.1 - https:\/\/yoast.com\/product\/yoast-seo-wordpress\/ -->\n<title>Oportunidades de empleo y desarrollo profesional | Solintal<\/title>\n<meta name=\"description\" content=\"\u00danete a un equipo que apuesta por la formaci\u00f3n, la estabilidad y el crecimiento. Fomentamos la promoci\u00f3n interna y el desarrollo de talento t\u00e9cnico.\" \/>\n<meta name=\"robots\" content=\"index, follow, max-snippet:-1, max-image-preview:large, max-video-preview:-1\" \/>\n<link rel=\"canonical\" href=\"https:\/\/solintal.es\/en\/empleo\/\" \/>\n<meta property=\"og:locale\" content=\"en_US\" \/>\n<meta property=\"og:type\" content=\"article\" \/>\n<meta property=\"og:title\" content=\"Oportunidades de empleo y desarrollo profesional | Solintal\" \/>\n<meta property=\"og:description\" content=\"\u00danete a un equipo que apuesta por la formaci\u00f3n, la estabilidad y el crecimiento. Fomentamos la promoci\u00f3n interna y el desarrollo de talento t\u00e9cnico.\" \/>\n<meta property=\"og:url\" content=\"https:\/\/solintal.es\/en\/empleo\/\" \/>\n<meta property=\"og:site_name\" content=\"Solintal\" \/>\n<meta property=\"article:modified_time\" content=\"2026-02-24T13:10:00+00:00\" \/>\n<meta name=\"twitter:card\" content=\"summary_large_image\" \/>\n<script type=\"application\/ld+json\" class=\"yoast-schema-graph\">{\"@context\":\"https:\/\/schema.org\",\"@graph\":[{\"@type\":\"WebPage\",\"@id\":\"https:\/\/solintal.es\/en\/empleo\/\",\"url\":\"https:\/\/solintal.es\/en\/empleo\/\",\"name\":\"Oportunidades de empleo y desarrollo profesional | Solintal\",\"isPartOf\":{\"@id\":\"https:\/\/solintal.es\/en\/#website\"},\"datePublished\":\"2025-05-16T11:10:14+00:00\",\"dateModified\":\"2026-02-24T13:10:00+00:00\",\"description\":\"\u00danete a un equipo que apuesta por la formaci\u00f3n, la estabilidad y el crecimiento. Fomentamos la promoci\u00f3n interna y el desarrollo de talento t\u00e9cnico.\",\"breadcrumb\":{\"@id\":\"https:\/\/solintal.es\/en\/empleo\/#breadcrumb\"},\"inLanguage\":\"en-US\",\"potentialAction\":[{\"@type\":\"ReadAction\",\"target\":[\"https:\/\/solintal.es\/en\/empleo\/\"]}]},{\"@type\":\"BreadcrumbList\",\"@id\":\"https:\/\/solintal.es\/en\/empleo\/#breadcrumb\",\"itemListElement\":[{\"@type\":\"ListItem\",\"position\":1,\"name\":\"Portada\",\"item\":\"https:\/\/solintal.es\/en\/\"},{\"@type\":\"ListItem\",\"position\":2,\"name\":\"Careers\"}]},{\"@type\":\"WebSite\",\"@id\":\"https:\/\/solintal.es\/en\/#website\",\"url\":\"https:\/\/solintal.es\/en\/\",\"name\":\"Solintal\",\"description\":\"\",\"publisher\":{\"@id\":\"https:\/\/solintal.es\/en\/#organization\"},\"potentialAction\":[{\"@type\":\"SearchAction\",\"target\":{\"@type\":\"EntryPoint\",\"urlTemplate\":\"https:\/\/solintal.es\/en\/?s={search_term_string}\"},\"query-input\":{\"@type\":\"PropertyValueSpecification\",\"valueRequired\":true,\"valueName\":\"search_term_string\"}}],\"inLanguage\":\"en-US\"},{\"@type\":\"Organization\",\"@id\":\"https:\/\/solintal.es\/en\/#organization\",\"name\":\"Solintal LRD\",\"url\":\"https:\/\/solintal.es\/en\/\",\"logo\":{\"@type\":\"ImageObject\",\"inLanguage\":\"en-US\",\"@id\":\"https:\/\/solintal.es\/en\/#\/schema\/logo\/image\/\",\"url\":\"https:\/\/solintal.es\/wp-content\/uploads\/2025\/09\/Foto-RRSS-copia.png\",\"contentUrl\":\"https:\/\/solintal.es\/wp-content\/uploads\/2025\/09\/Foto-RRSS-copia.png\",\"width\":957,\"height\":829,\"caption\":\"Solintal LRD\"},\"image\":{\"@id\":\"https:\/\/solintal.es\/en\/#\/schema\/logo\/image\/\"},\"sameAs\":[\"https:\/\/www.facebook.com\/solintallrd\/\",\"https:\/\/www.youtube.com\/@solintallrd\",\"https:\/\/www.instagram.com\/solintallrd\/\",\"https:\/\/www.linkedin.com\/company\/solintal-lrd\"]}]}<\/script>\n<!-- \/ Yoast SEO plugin. -->","yoast_head_json":{"title":"Oportunidades de empleo y desarrollo profesional | Solintal","description":"\u00danete a un equipo que apuesta por la formaci\u00f3n, la estabilidad y el crecimiento. Fomentamos la promoci\u00f3n interna y el desarrollo de talento t\u00e9cnico.","robots":{"index":"index","follow":"follow","max-snippet":"max-snippet:-1","max-image-preview":"max-image-preview:large","max-video-preview":"max-video-preview:-1"},"canonical":"https:\/\/solintal.es\/en\/empleo\/","og_locale":"en_US","og_type":"article","og_title":"Oportunidades de empleo y desarrollo profesional | Solintal","og_description":"\u00danete a un equipo que apuesta por la formaci\u00f3n, la estabilidad y el crecimiento. Fomentamos la promoci\u00f3n interna y el desarrollo de talento t\u00e9cnico.","og_url":"https:\/\/solintal.es\/en\/empleo\/","og_site_name":"Solintal","article_modified_time":"2026-02-24T13:10:00+00:00","twitter_card":"summary_large_image","schema":{"@context":"https:\/\/schema.org","@graph":[{"@type":"WebPage","@id":"https:\/\/solintal.es\/en\/empleo\/","url":"https:\/\/solintal.es\/en\/empleo\/","name":"Oportunidades de empleo y desarrollo profesional | Solintal","isPartOf":{"@id":"https:\/\/solintal.es\/en\/#website"},"datePublished":"2025-05-16T11:10:14+00:00","dateModified":"2026-02-24T13:10:00+00:00","description":"\u00danete a un equipo que apuesta por la formaci\u00f3n, la estabilidad y el crecimiento. Fomentamos la promoci\u00f3n interna y el desarrollo de talento t\u00e9cnico.","breadcrumb":{"@id":"https:\/\/solintal.es\/en\/empleo\/#breadcrumb"},"inLanguage":"en-US","potentialAction":[{"@type":"ReadAction","target":["https:\/\/solintal.es\/en\/empleo\/"]}]},{"@type":"BreadcrumbList","@id":"https:\/\/solintal.es\/en\/empleo\/#breadcrumb","itemListElement":[{"@type":"ListItem","position":1,"name":"Portada","item":"https:\/\/solintal.es\/en\/"},{"@type":"ListItem","position":2,"name":"Careers"}]},{"@type":"WebSite","@id":"https:\/\/solintal.es\/en\/#website","url":"https:\/\/solintal.es\/en\/","name":"Solintal","description":"","publisher":{"@id":"https:\/\/solintal.es\/en\/#organization"},"potentialAction":[{"@type":"SearchAction","target":{"@type":"EntryPoint","urlTemplate":"https:\/\/solintal.es\/en\/?s={search_term_string}"},"query-input":{"@type":"PropertyValueSpecification","valueRequired":true,"valueName":"search_term_string"}}],"inLanguage":"en-US"},{"@type":"Organization","@id":"https:\/\/solintal.es\/en\/#organization","name":"Solintal LRD","url":"https:\/\/solintal.es\/en\/","logo":{"@type":"ImageObject","inLanguage":"en-US","@id":"https:\/\/solintal.es\/en\/#\/schema\/logo\/image\/","url":"https:\/\/solintal.es\/wp-content\/uploads\/2025\/09\/Foto-RRSS-copia.png","contentUrl":"https:\/\/solintal.es\/wp-content\/uploads\/2025\/09\/Foto-RRSS-copia.png","width":957,"height":829,"caption":"Solintal LRD"},"image":{"@id":"https:\/\/solintal.es\/en\/#\/schema\/logo\/image\/"},"sameAs":["https:\/\/www.facebook.com\/solintallrd\/","https:\/\/www.youtube.com\/@solintallrd","https:\/\/www.instagram.com\/solintallrd\/","https:\/\/www.linkedin.com\/company\/solintal-lrd"]}]}},"_links":{"self":[{"href":"https:\/\/solintal.es\/en\/wp-json\/wp\/v2\/pages\/1654","targetHints":{"allow":["GET"]}}],"collection":[{"href":"https:\/\/solintal.es\/en\/wp-json\/wp\/v2\/pages"}],"about":[{"href":"https:\/\/solintal.es\/en\/wp-json\/wp\/v2\/types\/page"}],"author":[{"embeddable":true,"href":"https:\/\/solintal.es\/en\/wp-json\/wp\/v2\/users\/2"}],"replies":[{"embeddable":true,"href":"https:\/\/solintal.es\/en\/wp-json\/wp\/v2\/comments?post=1654"}],"version-history":[{"count":25,"href":"https:\/\/solintal.es\/en\/wp-json\/wp\/v2\/pages\/1654\/revisions"}],"predecessor-version":[{"id":1841,"href":"https:\/\/solintal.es\/en\/wp-json\/wp\/v2\/pages\/1654\/revisions\/1841"}],"wp:attachment":[{"href":"https:\/\/solintal.es\/en\/wp-json\/wp\/v2\/media?parent=1654"}],"curies":[{"name":"wp","href":"https:\/\/api.w.org\/{rel}","templated":true}]}}