 {"id":2141,"date":"2025-05-16T13:09:29","date_gmt":"2025-05-16T11:09:29","guid":{"rendered":"https:\/\/solintal.es\/servicios\/"},"modified":"2026-03-05T08:28:26","modified_gmt":"2026-03-05T07:28:26","slug":"servicios","status":"publish","type":"page","link":"https:\/\/solintal.es\/en\/servicios\/","title":{"rendered":"Services"},"content":{"rendered":"","protected":false},"excerpt":{"rendered":"","protected":false},"author":2,"featured_media":0,"parent":0,"menu_order":23,"comment_status":"closed","ping_status":"closed","template":"","meta":{"_acf_changed":false,"footnotes":""},"class_list":["post-2141","page","type-page","status-publish","hentry"],"acf":[],"yoast_head":"<!-- This site is optimized with the Yoast SEO plugin v27.1.1 - https:\/\/yoast.com\/product\/yoast-seo-wordpress\/ -->\n<title>Servicios industriales para proyectos exigentes | Solintal<\/title>\n<meta name=\"description\" content=\"De la ingenier\u00eda al montaje final: corte, biselado, granallado, soldadura, t\u00e9rmico, pintura e hidr\u00e1ulicos. Todo para garantizar resultados \u00f3ptimos.\" \/>\n<meta name=\"robots\" content=\"index, follow, max-snippet:-1, max-image-preview:large, max-video-preview:-1\" \/>\n<link rel=\"canonical\" href=\"https:\/\/solintal.es\/en\/servicios\/\" \/>\n<meta property=\"og:locale\" content=\"en_US\" \/>\n<meta property=\"og:type\" content=\"article\" \/>\n<meta property=\"og:title\" content=\"Servicios industriales para proyectos exigentes | Solintal\" \/>\n<meta property=\"og:description\" content=\"De la ingenier\u00eda al montaje final: corte, biselado, granallado, soldadura, t\u00e9rmico, pintura e hidr\u00e1ulicos. Todo para garantizar resultados \u00f3ptimos.\" \/>\n<meta property=\"og:url\" content=\"https:\/\/solintal.es\/en\/servicios\/\" \/>\n<meta property=\"og:site_name\" content=\"Solintal\" \/>\n<meta property=\"article:modified_time\" content=\"2026-03-05T07:28:26+00:00\" \/>\n<meta name=\"twitter:card\" content=\"summary_large_image\" \/>\n<script type=\"application\/ld+json\" class=\"yoast-schema-graph\">{\"@context\":\"https:\/\/schema.org\",\"@graph\":[{\"@type\":\"WebPage\",\"@id\":\"https:\/\/solintal.es\/en\/servicios\/\",\"url\":\"https:\/\/solintal.es\/en\/servicios\/\",\"name\":\"Servicios industriales para proyectos exigentes | Solintal\",\"isPartOf\":{\"@id\":\"https:\/\/solintal.es\/en\/#website\"},\"datePublished\":\"2025-05-16T11:09:29+00:00\",\"dateModified\":\"2026-03-05T07:28:26+00:00\",\"description\":\"De la ingenier\u00eda al montaje final: corte, biselado, granallado, soldadura, t\u00e9rmico, pintura e hidr\u00e1ulicos. Todo para garantizar resultados \u00f3ptimos.\",\"breadcrumb\":{\"@id\":\"https:\/\/solintal.es\/en\/servicios\/#breadcrumb\"},\"inLanguage\":\"en-US\",\"potentialAction\":[{\"@type\":\"ReadAction\",\"target\":[\"https:\/\/solintal.es\/en\/servicios\/\"]}]},{\"@type\":\"BreadcrumbList\",\"@id\":\"https:\/\/solintal.es\/en\/servicios\/#breadcrumb\",\"itemListElement\":[{\"@type\":\"ListItem\",\"position\":1,\"name\":\"Portada\",\"item\":\"https:\/\/solintal.es\/en\/\"},{\"@type\":\"ListItem\",\"position\":2,\"name\":\"Services\"}]},{\"@type\":\"WebSite\",\"@id\":\"https:\/\/solintal.es\/en\/#website\",\"url\":\"https:\/\/solintal.es\/en\/\",\"name\":\"Solintal\",\"description\":\"\",\"publisher\":{\"@id\":\"https:\/\/solintal.es\/en\/#organization\"},\"potentialAction\":[{\"@type\":\"SearchAction\",\"target\":{\"@type\":\"EntryPoint\",\"urlTemplate\":\"https:\/\/solintal.es\/en\/?s={search_term_string}\"},\"query-input\":{\"@type\":\"PropertyValueSpecification\",\"valueRequired\":true,\"valueName\":\"search_term_string\"}}],\"inLanguage\":\"en-US\"},{\"@type\":\"Organization\",\"@id\":\"https:\/\/solintal.es\/en\/#organization\",\"name\":\"Solintal LRD\",\"url\":\"https:\/\/solintal.es\/en\/\",\"logo\":{\"@type\":\"ImageObject\",\"inLanguage\":\"en-US\",\"@id\":\"https:\/\/solintal.es\/en\/#\/schema\/logo\/image\/\",\"url\":\"https:\/\/solintal.es\/wp-content\/uploads\/2025\/09\/Foto-RRSS-copia.png\",\"contentUrl\":\"https:\/\/solintal.es\/wp-content\/uploads\/2025\/09\/Foto-RRSS-copia.png\",\"width\":957,\"height\":829,\"caption\":\"Solintal LRD\"},\"image\":{\"@id\":\"https:\/\/solintal.es\/en\/#\/schema\/logo\/image\/\"},\"sameAs\":[\"https:\/\/www.facebook.com\/solintallrd\/\",\"https:\/\/www.youtube.com\/@solintallrd\",\"https:\/\/www.instagram.com\/solintallrd\/\",\"https:\/\/www.linkedin.com\/company\/solintal-lrd\"]}]}<\/script>\n<!-- \/ Yoast SEO plugin. -->","yoast_head_json":{"title":"Servicios industriales para proyectos exigentes | Solintal","description":"De la ingenier\u00eda al montaje final: corte, biselado, granallado, soldadura, t\u00e9rmico, pintura e hidr\u00e1ulicos. Todo para garantizar resultados \u00f3ptimos.","robots":{"index":"index","follow":"follow","max-snippet":"max-snippet:-1","max-image-preview":"max-image-preview:large","max-video-preview":"max-video-preview:-1"},"canonical":"https:\/\/solintal.es\/en\/servicios\/","og_locale":"en_US","og_type":"article","og_title":"Servicios industriales para proyectos exigentes | Solintal","og_description":"De la ingenier\u00eda al montaje final: corte, biselado, granallado, soldadura, t\u00e9rmico, pintura e hidr\u00e1ulicos. Todo para garantizar resultados \u00f3ptimos.","og_url":"https:\/\/solintal.es\/en\/servicios\/","og_site_name":"Solintal","article_modified_time":"2026-03-05T07:28:26+00:00","twitter_card":"summary_large_image","schema":{"@context":"https:\/\/schema.org","@graph":[{"@type":"WebPage","@id":"https:\/\/solintal.es\/en\/servicios\/","url":"https:\/\/solintal.es\/en\/servicios\/","name":"Servicios industriales para proyectos exigentes | Solintal","isPartOf":{"@id":"https:\/\/solintal.es\/en\/#website"},"datePublished":"2025-05-16T11:09:29+00:00","dateModified":"2026-03-05T07:28:26+00:00","description":"De la ingenier\u00eda al montaje final: corte, biselado, granallado, soldadura, t\u00e9rmico, pintura e hidr\u00e1ulicos. Todo para garantizar resultados \u00f3ptimos.","breadcrumb":{"@id":"https:\/\/solintal.es\/en\/servicios\/#breadcrumb"},"inLanguage":"en-US","potentialAction":[{"@type":"ReadAction","target":["https:\/\/solintal.es\/en\/servicios\/"]}]},{"@type":"BreadcrumbList","@id":"https:\/\/solintal.es\/en\/servicios\/#breadcrumb","itemListElement":[{"@type":"ListItem","position":1,"name":"Portada","item":"https:\/\/solintal.es\/en\/"},{"@type":"ListItem","position":2,"name":"Services"}]},{"@type":"WebSite","@id":"https:\/\/solintal.es\/en\/#website","url":"https:\/\/solintal.es\/en\/","name":"Solintal","description":"","publisher":{"@id":"https:\/\/solintal.es\/en\/#organization"},"potentialAction":[{"@type":"SearchAction","target":{"@type":"EntryPoint","urlTemplate":"https:\/\/solintal.es\/en\/?s={search_term_string}"},"query-input":{"@type":"PropertyValueSpecification","valueRequired":true,"valueName":"search_term_string"}}],"inLanguage":"en-US"},{"@type":"Organization","@id":"https:\/\/solintal.es\/en\/#organization","name":"Solintal LRD","url":"https:\/\/solintal.es\/en\/","logo":{"@type":"ImageObject","inLanguage":"en-US","@id":"https:\/\/solintal.es\/en\/#\/schema\/logo\/image\/","url":"https:\/\/solintal.es\/wp-content\/uploads\/2025\/09\/Foto-RRSS-copia.png","contentUrl":"https:\/\/solintal.es\/wp-content\/uploads\/2025\/09\/Foto-RRSS-copia.png","width":957,"height":829,"caption":"Solintal LRD"},"image":{"@id":"https:\/\/solintal.es\/en\/#\/schema\/logo\/image\/"},"sameAs":["https:\/\/www.facebook.com\/solintallrd\/","https:\/\/www.youtube.com\/@solintallrd","https:\/\/www.instagram.com\/solintallrd\/","https:\/\/www.linkedin.com\/company\/solintal-lrd"]}]}},"_links":{"self":[{"href":"https:\/\/solintal.es\/en\/wp-json\/wp\/v2\/pages\/2141","targetHints":{"allow":["GET"]}}],"collection":[{"href":"https:\/\/solintal.es\/en\/wp-json\/wp\/v2\/pages"}],"about":[{"href":"https:\/\/solintal.es\/en\/wp-json\/wp\/v2\/types\/page"}],"author":[{"embeddable":true,"href":"https:\/\/solintal.es\/en\/wp-json\/wp\/v2\/users\/2"}],"replies":[{"embeddable":true,"href":"https:\/\/solintal.es\/en\/wp-json\/wp\/v2\/comments?post=2141"}],"version-history":[{"count":10,"href":"https:\/\/solintal.es\/en\/wp-json\/wp\/v2\/pages\/2141\/revisions"}],"predecessor-version":[{"id":2221,"href":"https:\/\/solintal.es\/en\/wp-json\/wp\/v2\/pages\/2141\/revisions\/2221"}],"wp:attachment":[{"href":"https:\/\/solintal.es\/en\/wp-json\/wp\/v2\/media?parent=2141"}],"curies":[{"name":"wp","href":"https:\/\/api.w.org\/{rel}","templated":true}]}}